{"id":4933,"date":"2024-05-20T16:08:30","date_gmt":"2024-05-20T14:08:30","guid":{"rendered":"https:\/\/www.continentalhotel.info\/?page_id=4933"},"modified":"2024-06-20T10:04:25","modified_gmt":"2024-06-20T08:04:25","slug":"escursioni-prenotabili","status":"publish","type":"page","link":"https:\/\/www.continentalhotel.info\/fr\/escursioni-prenotabili\/","title":{"rendered":"Excursions \u00e0 r\u00e9server"},"content":{"rendered":"<section class=\"wao-blocks-container container mb-2\"\n\t\t>\n    \n<div class=\"wao-blocks-row row\" >\n    \n\n<div class=\"col-12 col-md-12 p-4 text-primary\"\n     \n\t \n\t>\n        \n\n<div class=\"breadcrumb-block\"\n    >\n    <div class=\"text-secondary mx-auto text-center small\">\n        <a href=\"https:\/\/www.continentalhotel.info\/fr\" rel=\"nofollow\" title=\"Accueil\">Accueil &gt;<\/a>\n        Excursions \u00e0 r\u00e9server    <\/div>\n<\/div>\n    <\/div>\n<\/div>\n\n<div class=\"wao-blocks-row row\" >\n    \n\n<div class=\"col-12 col-md-12 p-4 sf-pattern\"\n     \n\t \n\t>\n        \n\n<h1 class=\"wp-block-heading has-text-align-center\">Excursions r\u00e9servables et plus encore !<\/h1>\n\n\n\n<hr class=\"wp-block-separator has-css-opacity hr-01\"\/>\n\n\n\n<p class=\"has-text-align-center pb-4\">Des visites guid\u00e9es pour d\u00e9couvrir les plus beaux villages de notre arri\u00e8re-pays ainsi que des parcs d'attractions, des circuits \u00e0 v\u00e9lo... et les produits de marque de l'H\u00f4tel Continental !<\/p>\n\n\n<product-catalog-widget widget-id=\"5f668089-c5dc-4c7a-a25d-b10837b21bdc\"><\/product-catalog-widget><script type=\"text\/javascript\" src=\"https:\/\/widgets.regiondo.net\/catalog\/v1\/catalog-widget.min.js\"><\/script>\n    <\/div>\n<\/div>\n<\/section>","protected":false},"excerpt":{"rendered":"","protected":false},"author":6,"featured_media":0,"parent":0,"menu_order":0,"comment_status":"closed","ping_status":"closed","template":"","meta":{"footnotes":""},"class_list":["post-4933","page","type-page","status-publish","hentry"],"_links":{"self":[{"href":"https:\/\/www.continentalhotel.info\/fr\/wp-json\/wp\/v2\/pages\/4933","targetHints":{"allow":["GET"]}}],"collection":[{"href":"https:\/\/www.continentalhotel.info\/fr\/wp-json\/wp\/v2\/pages"}],"about":[{"href":"https:\/\/www.continentalhotel.info\/fr\/wp-json\/wp\/v2\/types\/page"}],"author":[{"embeddable":true,"href":"https:\/\/www.continentalhotel.info\/fr\/wp-json\/wp\/v2\/users\/6"}],"replies":[{"embeddable":true,"href":"https:\/\/www.continentalhotel.info\/fr\/wp-json\/wp\/v2\/comments?post=4933"}],"version-history":[{"count":4,"href":"https:\/\/www.continentalhotel.info\/fr\/wp-json\/wp\/v2\/pages\/4933\/revisions"}],"predecessor-version":[{"id":4948,"href":"https:\/\/www.continentalhotel.info\/fr\/wp-json\/wp\/v2\/pages\/4933\/revisions\/4948"}],"wp:attachment":[{"href":"https:\/\/www.continentalhotel.info\/fr\/wp-json\/wp\/v2\/media?parent=4933"}],"curies":[{"name":"wp","href":"https:\/\/api.w.org\/{rel}","templated":true}]}}