{"id":2825,"date":"2021-02-11T12:04:54","date_gmt":"2021-02-11T11:04:54","guid":{"rendered":"https:\/\/www.continentalhotel.info\/?page_id=2825"},"modified":"2021-05-04T08:52:28","modified_gmt":"2021-05-04T06:52:28","slug":"sicurezza-covid","status":"publish","type":"page","link":"https:\/\/www.continentalhotel.info\/fr\/sicurezza-covid\/","title":{"rendered":"Covid S\u00e9curit\u00e9"},"content":{"rendered":"\n<section class=\"container-fluid js--lazy-load wao-blocks-gallery-slider-flickity gallery-flickity-65027\" >\n    <article class=\"row\">\n        <div class=\"col-sm-12 p-0 position-relative\">\n            <section class=\"container-fluid js--lazy-load\">\n                <article class=\"row\">\n                    <div class=\"col-sm-12 p-0 position-relative\">\n                        <div class=\"js--flickity l--vh-50-md\" data-cellAlign=\"left\" data-bgLazyLoad=\"1\" data-freeScroll=\"true\" data-wrapAround=\"true\" data-autoPlay=\"2000\" data-pauseAutoPlayOnHover =\"true\" data-prevNextButtons=\"false\" data-contain=\"true\" data-pageDots=\"false\" data-draggable=\"true\" data-groupCells=\"110%\" data-fade=\"false\">\n                                                            <div>\n                                    <div style=\"background: url('https:\/\/www.continentalhotel.info\/wp-content\/uploads\/2020\/12\/top-contatti.jpg') center center \/ cover no-repeat rgb(250, 250, 250); display: block; width: 100vw;\" class=\"l--vh-50-md \"><\/div>\n                                <\/div>\n                            \n                        <\/div>\n                        <div class=\"position-absolute l--top l--bottom mx-auto l--align-middle-vertical\">\n                            <div class=\"text-over-slider h1 text-quaternary text-center animated zoomIn\" data-anim=\"zoomIn\" data-cof=\"true\" data-cof-rule=\"font-size, 2rem, 2.5rem, 2.5rem, 3rem, 3rem\">\n                                                            <\/div>\n                                                    <\/div>\n                    <\/div>\n                <\/article>\n            <\/section>\n        <\/div>\n    <\/article>\n<\/section>\n\n<section class=\"wao-blocks-container container mb-2\"\n\t\t>\n    \n<div class=\"wao-blocks-row row\" >\n    \n\n<div class=\"col-12 col-md-12 p-4 text-primary\"\n     \n\t \n\t>\n        \n\n<div class=\"breadcrumb-block\"\n    >\n    <div class=\"text-secondary mx-auto text-center small\">\n        <a href=\"https:\/\/www.continentalhotel.info\/fr\" rel=\"nofollow\" title=\"Home\">Home &gt;<\/a>\n        Sicurezza covid    <\/div>\n<\/div>\n    <\/div>\n<\/div>\n\n<div class=\"wao-blocks-row row\" >\n    \n\n<div class=\"col-12 col-md-12 p-4 sf-pattern\"\n     \n\t \n\t>\n        \n\n<h1 class=\"has-text-align-center wp-block-heading\">Sicurezza e Tranquillit\u00e0 in Vacanza<\/h1>\n\n\n\n<hr class=\"wp-block-separator hr-01\"\/>\n\n\n\n<p class=\"has-text-align-center pb-4\">Di seguito abbiamo stilato le principali novit\u00e0 dovute all\u2019emergenza che troverete nelle nostre strutture.<\/p>\n\n\n\n<div class=\"wao-blocks-accordion accordio-white\" id=\"accordion\" >\n        <div class=\"card mb-3 g--bkg-light-04 border-bottom\">\n        <div class=\"card-header border-0\" id=\"heading_69e5517d9672e0\">\n            <h5 class=\"mb-0 mt-0\">\n                <button class=\"btn btn-link h5\" data-toggle=\"collapse\"\n                    data-target=\"#collapse_69e5517d9672e0\" aria-expanded=\"false\"\n                    aria-controls=\"collapse_69e5517d9672e0\" style=\"white-space: normal;\">\n                    > Pulizie e sicurezza sanitaria                <\/button>\n            <\/h5>\n        <\/div>\n        <div id=\"collapse_69e5517d9672e0\" class=\"collapse\" aria-labelledby=\"headingOne\" data-parent=\"#accordion\">\n            <div class=\"card-body \">\n                Nelle varie aree dell\u2019albergo sono posizionati i\u00a0<strong>gel disinfettanti<\/strong>\u00a0e sono esposte delle locandine che illustrano i comportamenti e le misure igienico \u2013 sanitarie da seguire.<br>Com\u2019\u00e8 nostra abitudine da sempre,\u00a0<strong>continueremo a sanificare completamente le stanze<\/strong>\u00a0al momento della partenza del cliente, utilizzando ancor pi\u00f9 rigore.<br>Il materiale di\u00a0<strong>pulizia giornaliera delle camere<\/strong>\u00a0(es. salviette e quanto necessario per la pulizia e la spolveratura) \u00e8 monouso o precedentemente trattato con soluzioni di ipoclorito di sodio.<br><strong>Gli impianti di condizionamento potranno essere utilizzati<\/strong>, dato che sono igienizzati con prodotti specifici.<br>I locali comuni vengono disinfettati prestando particolare attenzione agli oggetti ed arredi che vengono spesso toccati con le mani come pulsanti dell\u2019ascensore, corrimano, interruttori, maniglie delle porte, tavoli, sedie, dispenser\u2026<br>Essendo dotati di lavanderia interna, asciugamani, biancheria, tovaglie e tovaglioli sono lavati e igienizzati nelle nostre lavatrici ad almeno 60\u00b0C.            <\/div>\n        <\/div>\n    <\/div>\n        <div class=\"card mb-3 g--bkg-light-04 border-bottom\">\n        <div class=\"card-header border-0\" id=\"heading_69e5517d9672e1\">\n            <h5 class=\"mb-0 mt-0\">\n                <button class=\"btn btn-link h5\" data-toggle=\"collapse\"\n                    data-target=\"#collapse_69e5517d9672e1\" aria-expanded=\"false\"\n                    aria-controls=\"collapse_69e5517d9672e1\" style=\"white-space: normal;\">\n                    > Rapporto tra staff e ospite                <\/button>\n            <\/h5>\n        <\/div>\n        <div id=\"collapse_69e5517d9672e1\" class=\"collapse\" aria-labelledby=\"headingOne\" data-parent=\"#accordion\">\n            <div class=\"card-body \">\n                Tutto il nostro personale \u00e8 dotato di divise giornaliere e di tutti i dispositivi che sono obbligatori in base alle loro mansioni.<br>Al momento dell\u2019arrivo, le ragazze della reception, spiegheranno ad ogni famiglia, come godersi la\u00a0<strong>vacanza IN SICUREZZA<\/strong>\u00a0avendo cura di s\u00e9, dei propri spazi e degli altri ospiti.            <\/div>\n        <\/div>\n    <\/div>\n        <div class=\"card mb-3 g--bkg-light-04 border-bottom\">\n        <div class=\"card-header border-0\" id=\"heading_69e5517d9672e2\">\n            <h5 class=\"mb-0 mt-0\">\n                <button class=\"btn btn-link h5\" data-toggle=\"collapse\"\n                    data-target=\"#collapse_69e5517d9672e2\" aria-expanded=\"false\"\n                    aria-controls=\"collapse_69e5517d9672e2\" style=\"white-space: normal;\">\n                    > Servizio ristorante                <\/button>\n            <\/h5>\n        <\/div>\n        <div id=\"collapse_69e5517d9672e2\" class=\"collapse\" aria-labelledby=\"headingOne\" data-parent=\"#accordion\">\n            <div class=\"card-body \">\n                I tavoli sono posizionati in modo da rispettare il distanziamento di 1 m tra le persone.<br>Manterremo, come sempre, il\u00a0<strong>servizio al tavolo in combinazione con il buffet<\/strong>. Quest\u2019ultimo \u00e8 gestito esclusivamente\u00a0<strong>da un addetto dedicato<\/strong>, che si occuper\u00e0 di servire le portate desiderate, in modo da garantire l\u2019igiene e la sicurezza. In una sezione dedicata troverete a disposizione prodotti monodose.<br>Tra un turno e l\u2019altro saranno\u00a0<strong>sanificati ed igienizzati tavoli, tovagliette, sedie e condimenti<\/strong>.<br>Per chi volesse, inoltre, offriremo\u00a0<strong>servizi alternativi<\/strong>\u00a0come: servizio in appartamento, formule take away da consumare in spiaggia sotto l\u2019ombrellone.            <\/div>\n        <\/div>\n    <\/div>\n        <div class=\"card mb-3 g--bkg-light-04 border-bottom\">\n        <div class=\"card-header border-0\" id=\"heading_69e5517d9672e3\">\n            <h5 class=\"mb-0 mt-0\">\n                <button class=\"btn btn-link h5\" data-toggle=\"collapse\"\n                    data-target=\"#collapse_69e5517d9672e3\" aria-expanded=\"false\"\n                    aria-controls=\"collapse_69e5517d9672e3\" style=\"white-space: normal;\">\n                    > Piscina                <\/button>\n            <\/h5>\n        <\/div>\n        <div id=\"collapse_69e5517d9672e3\" class=\"collapse\" aria-labelledby=\"headingOne\" data-parent=\"#accordion\">\n            <div class=\"card-body \">\n                Come scientificamente provato la\u00a0<strong>concentrazione di cloro<\/strong>\u00a0nell\u2019acqua della piscina \u00e8 ampiamente in grado di prevenire la diffusione del virus, quindi \u00e8 senz\u2019altro possibile godere di quest\u2019area.<br>Abbiamo adottato delle misure di prevenzione per rispettare le\u00a0<strong>norme base di sanificazione<\/strong>\u00a0della piscina e del distanziamento sociale.<br>L\u2019ingresso in acqua deve essere consentito solo dopo un\u2019accurata doccia su tutto il corpo.\u00a0<strong>\u00c8 obbligatorio<\/strong>\u00a0l\u2019uso della cuffia, \u00e8 vietato sputare, soffiarsi il naso, urinare in acqua; ai bambini molto piccoli \u00e8 necessario far indossare pannolini contenitivi.            <\/div>\n        <\/div>\n    <\/div>\n        <div class=\"card mb-3 g--bkg-light-04 border-bottom\">\n        <div class=\"card-header border-0\" id=\"heading_69e5517d9672e4\">\n            <h5 class=\"mb-0 mt-0\">\n                <button class=\"btn btn-link h5\" data-toggle=\"collapse\"\n                    data-target=\"#collapse_69e5517d9672e4\" aria-expanded=\"false\"\n                    aria-controls=\"collapse_69e5517d9672e4\" style=\"white-space: normal;\">\n                    > Animazione per bambini                <\/button>\n            <\/h5>\n        <\/div>\n        <div id=\"collapse_69e5517d9672e4\" class=\"collapse\" aria-labelledby=\"headingOne\" data-parent=\"#accordion\">\n            <div class=\"card-body \">\n                Il nostro obiettivo \u00e8 quello di far vivere un soggiorno divertente e spensierato ai nostri piccoli ospiti.<br>Per questo abbiamo pensato a diverse soluzioni. Avendo un\u2019ampia area giochi i nostri animatori possono utilizzarla nella sua totalit\u00e0, garantendo le misure di sicurezza richieste, per giochi, laboratori e merenda.<br>Abbiamo acquistato un maggior numero di materiale da utilizzare per ciascun bambino (evitando la condivisione), che\u00a0<strong>sanificheremo completamente<\/strong>\u00a0al termine delle attivit\u00e0.<br>Abbiamo riorganizzato le attivit\u00e0 in spiaggia e le nostre divertenti serate in hotel, adattando gli spazi e dividendo i gruppi di bambini in fasce d'et\u00e0 (3-6 e 7-12 anni), con un animatore dedicato ad ogni gruppo. Per quanto riguarda la vostra amata\u00a0<strong>Baby dance serale<\/strong>, abbiamo predisposto in giardino adesivi segnaletici colorati sopra i quali i bimbi potranno ballare, rimanendo alla distanza prevista.            <\/div>\n        <\/div>\n    <\/div>\n        <div class=\"card mb-3 g--bkg-light-04 border-bottom\">\n        <div class=\"card-header border-0\" id=\"heading_69e5517d9672e5\">\n            <h5 class=\"mb-0 mt-0\">\n                <button class=\"btn btn-link h5\" data-toggle=\"collapse\"\n                    data-target=\"#collapse_69e5517d9672e5\" aria-expanded=\"false\"\n                    aria-controls=\"collapse_69e5517d9672e5\" style=\"white-space: normal;\">\n                    > Spiaggia                <\/button>\n            <\/h5>\n        <\/div>\n        <div id=\"collapse_69e5517d9672e5\" class=\"collapse\" aria-labelledby=\"headingOne\" data-parent=\"#accordion\">\n            <div class=\"card-body \">\n                E' possibile\u00a0<strong>accedere tranquillamente in spiaggia e bagnarsi<\/strong>\u00a0nell\u2019acqua del nostro mare Adriatico. La battigia \u00e8 continuamente monitorata dai\u00a0<strong>bagnini di salvataggio<\/strong>\u00a0per garantire distanziamento e sicurezza.<br>Gli\u00a0<strong>ombrelloni, gi\u00e0 ben distanziati<\/strong>\u00a0gli anni precedenti, ora hanno a disposizione\u00a0<strong>15 mq della spiaggia<\/strong>\u00a0al posto dei 10 mq richiesti: un bello spazio per tutta la famiglia!<br>I lettini e sdraie e tutto materiale che entra frequentemente in contatto con le persone verr\u00e0 igienizzato e sanificato periodicamente. Consigliamo, comunque, di utilizzare\u00a0<strong>i nostri teli mare<\/strong>\u00a0(servizio incluso) sostituibili quotidianamente e lavati internamente alla struttura ad oltre 60\u00b0 gradi.<br><strong>E' possibile l\u2019accesso nelle aree giochi bambini<\/strong>.<br>Sono, inoltre, consentite le attivit\u00e0 ludiche sportive nel rispetto del distanziamento sociale (ping pong, beach volley, beach tennis, bocce ecc..)            <\/div>\n        <\/div>\n    <\/div>\n        <div class=\"card mb-3 g--bkg-light-04 border-bottom\">\n        <div class=\"card-header border-0\" id=\"heading_69e5517d9672e6\">\n            <h5 class=\"mb-0 mt-0\">\n                <button class=\"btn btn-link h5\" data-toggle=\"collapse\"\n                    data-target=\"#collapse_69e5517d9672e6\" aria-expanded=\"false\"\n                    aria-controls=\"collapse_69e5517d9672e6\" style=\"white-space: normal;\">\n                    > Politica di cancellazione                 <\/button>\n            <\/h5>\n        <\/div>\n        <div id=\"collapse_69e5517d9672e6\" class=\"collapse\" aria-labelledby=\"headingOne\" data-parent=\"#accordion\">\n            <div class=\"card-body \">\n                - Fino ad 1 mese prima dell'arrivo la caparra verr\u00e0 restituita.<br>- Da 1 mese a 10 giorni prima dell'arrivo la caparra verr\u00e0 riutilizzata per un altro soggiorno a scelta e secondo la nostra disponibilit\u00e0 anche per l'anno prossimo.<br>- Dopo tale data la caparra verr\u00e0 persa.<br>In caso di chiusure o restrizioni a causa del COVID la caparra sar\u00e0 restituita o riutilizzata per un soggiorno futuro.            <\/div>\n        <\/div>\n    <\/div>\n    <\/div>\n\n\n<p class=\"has-text-align-center py-4\"><strong>L\u2019hotel &amp; Residence Continental si sono impegnati a fondo per garantire un soggiorno piacevole e rilassante, mettendo al primo posto la vostra sicurezza.<\/strong><\/p>\n\n    <\/div>\n<\/div>\n<\/section>\n\n<section class=\"wao-blocks-container container-fluid mb-0\"\n\t\t>\n    \n<div class=\"wao-blocks-row row\" >\n    \n\n<div class=\"col-12 col-md-12 padding-2rem\"\n     \n\t \n\t>\n        \n<div class=\"g--bkg-light-01 p-2rem\" >\n\n\n<p class=\"has-text-align-center h1 pb-4\">Contattaci<\/p>\n\n\n<div class=\"mx-auto g--bkg-light-04 p-2 max-w-1024px\">\n\n\n<div class=\"merida_root\" id=\"merida_block\"><\/div>\n\n<script>\nvar merida_config_merida_block = {\n    customerId: 1242 ,\n    showSuccessModal : true,\n    rootEl: \"merida_block\",\n    childrenAgeMax: 16,\n    childrenAgeMin: 0,\n    layout: \"compact\",\n    language: \"fr\",\n                theme : {\n        colors: {\n            primary: '#01a89e',\n            primaryTextAlt: '#ffffff',\n            secondary: '#70615a',\n            secondaryTextAlt: '#ffffff',\n            text: '#3e464c',\n            error: '#cc0033',\n            formBackground: '#ffffff',\n            label: '#4d4d4d',\n            labelInput: '#70615a',\n            labelInputActive: '#7ebd6d',\n            inputBackground: '#eeeeee',\n            inputBorder: '#eeeeee',\n            checkboxBorder: '#eeeeee',\n        }\n    },\n    onSuccess : function(res) {\n        \n                        if (typeof(ga) !== 'undefined') {\n                   ga('send', 'event', 'Email', 'Invio', 'Form');\n                }\n                    }\n};\n\n(function(url, cb) {\n    var s = document.createElement(\"script\");\n    s.type = \"text\/javascript\";\n\n    if (s.readyState) { \/\/IE\n        s.onreadystatechange = function() {\n            if (s.readyState == \"loaded\" || s.readyState == \"complete\") {\n                s.onreadystatechange = null;\n                cb();\n            }\n        };\n    } else { \/\/Others\n        s.onload = function() {\n            cb();\n        };\n    }\n\n    s.src = url;\n    document.getElementsByTagName(\"head\")[0].appendChild(s);\n})(\"https:\/\/static.adriasonline.it\/merida\/latest\/merida.js\", function() {\n    window.aoForm = merida(merida_config_merida_block);\n});\n<\/script>\n\n<\/div><\/div>\n    <\/div>\n<\/div>\n<\/section>","protected":false},"excerpt":{"rendered":"","protected":false},"author":1,"featured_media":0,"parent":0,"menu_order":0,"comment_status":"closed","ping_status":"closed","template":"","meta":{"footnotes":""},"class_list":["post-2825","page","type-page","status-publish","hentry"],"_links":{"self":[{"href":"https:\/\/www.continentalhotel.info\/fr\/wp-json\/wp\/v2\/pages\/2825","targetHints":{"allow":["GET"]}}],"collection":[{"href":"https:\/\/www.continentalhotel.info\/fr\/wp-json\/wp\/v2\/pages"}],"about":[{"href":"https:\/\/www.continentalhotel.info\/fr\/wp-json\/wp\/v2\/types\/page"}],"author":[{"embeddable":true,"href":"https:\/\/www.continentalhotel.info\/fr\/wp-json\/wp\/v2\/users\/1"}],"replies":[{"embeddable":true,"href":"https:\/\/www.continentalhotel.info\/fr\/wp-json\/wp\/v2\/comments?post=2825"}],"version-history":[{"count":13,"href":"https:\/\/www.continentalhotel.info\/fr\/wp-json\/wp\/v2\/pages\/2825\/revisions"}],"predecessor-version":[{"id":3239,"href":"https:\/\/www.continentalhotel.info\/fr\/wp-json\/wp\/v2\/pages\/2825\/revisions\/3239"}],"wp:attachment":[{"href":"https:\/\/www.continentalhotel.info\/fr\/wp-json\/wp\/v2\/media?parent=2825"}],"curies":[{"name":"wp","href":"https:\/\/api.w.org\/{rel}","templated":true}]}}