{"id":1519,"date":"2020-12-30T09:03:09","date_gmt":"2020-12-30T08:03:09","guid":{"rendered":"https:\/\/www.continentalhotel.info\/?page_id=1519"},"modified":"2025-04-18T10:51:46","modified_gmt":"2025-04-18T08:51:46","slug":"castello-di-gradara","status":"publish","type":"page","link":"https:\/\/www.continentalhotel.info\/fr\/escursioni\/castello-di-gradara\/","title":{"rendered":"Ch\u00e2teau de Gradara"},"content":{"rendered":"\n<section class=\"container-fluid js--lazy-load wao-blocks-gallery-slider-flickity gallery-flickity-23318\" >\n    <article class=\"row\">\n        <div class=\"col-sm-12 p-0 position-relative\">\n            <section class=\"container-fluid js--lazy-load\">\n                <article class=\"row\">\n                    <div class=\"col-sm-12 p-0 position-relative\">\n                        <div class=\"js--flickity l--vh-50-md\" data-cellAlign=\"left\" data-bgLazyLoad=\"1\" data-freeScroll=\"true\" data-wrapAround=\"true\" data-autoPlay=\"2000\" data-pauseAutoPlayOnHover =\"true\" data-prevNextButtons=\"false\" data-contain=\"true\" data-pageDots=\"false\" data-draggable=\"true\" data-groupCells=\"110%\" data-fade=\"false\">\n                                                            <div>\n                                    <div style=\"background: url('https:\/\/www.continentalhotel.info\/wp-content\/uploads\/2020\/12\/top-gradara.jpg') center center \/ cover no-repeat rgb(250, 250, 250); display: block; width: 100vw;\" class=\"l--vh-50-md \"><\/div>\n                                <\/div>\n                            \n                        <\/div>\n                        <div class=\"position-absolute l--top l--bottom mx-auto l--align-middle-vertical\">\n                            <div class=\"text-over-slider h1 text-quaternary text-center animated zoomIn\" data-anim=\"zoomIn\" data-cof=\"true\" data-cof-rule=\"font-size, 2rem, 2.5rem, 2.5rem, 3rem, 3rem\">\n                                                            <\/div>\n                                                    <\/div>\n                    <\/div>\n                <\/article>\n            <\/section>\n        <\/div>\n    <\/article>\n<\/section>\n\n<section class=\"wao-blocks-container container-fluid mb-5\"\n\t\t>\n    \n<div class=\"wao-blocks-row row\" >\n    \n\n<div class=\"col-12 col-md-12 p-4 text-primary\"\n     \n\t \n\t>\n        \n\n<div class=\"breadcrumb-block\"\n    >\n    <div class=\"text-secondary mx-auto text-center small\">\n        <a href=\"https:\/\/www.continentalhotel.info\/fr\" rel=\"nofollow\" title=\"Home\">Home &gt;<\/a>\n        <a href=\"https:\/\/www.continentalhotel.info\/fr\/escursioni\/\" rel=\"nofollow\" title=\"Tour Consigliati\">Tour Consigliati &gt;<\/a> Castello di Gradara    <\/div>\n<\/div>\n    <\/div>\n<\/div>\n\n<div class=\"wao-blocks-row row\" >\n    \n\n<div class=\"col-12 col-md-12 col-lg-6\"\n     \n\t \n\tdata-cof=\"true\"\n    data-cof-rule=\"padding, 1.5rem, 2rem, 2rem, 2rem 3rem, 2rem 3rem 2rem 108px\" >\n        \n\n<h1 class=\"wp-block-heading\">Castello di Gradara<\/h1>\n\n\n\n<hr class=\"wp-block-separator has-css-opacity hr-01\"\/>\n\n\n\n<p>Una delle rocche pi\u00f9 famose al mondo, che ancora oggi fa sognare perch\u00e9 luogo in cui si consum\u00f2 la storia d\u2019amore dei famosi amanti danteschi, Paolo e Francesca. <\/p>\n\n\n\n<p>Ecco a voi il castello di Gradara, a tre chilometri da Gabicce. Non solo la rocca, a Gradara, \u00e8 oggetto di grande fascino: tutto il borgo medievale \u00e8 magicamente conservato e estremamente suggestivo. Il nome della localit\u00e0 significa \u201cgrata aura\u201d ed in effetti la bellezza di questo luogo lascia senza fiato. Per passeggiare dentro le mura bisogna percorrere una grande salita che unisce il varco di cinta alla rocca. A parte questo dislivello, \u00e8 una destinazione adatta a tutta la famiglia, ricca di storia e bellezza.<\/p>\n\n    <\/div>\n\n\n<div class=\"col-12 col-md-12 col-lg-6\"\n     \n\t \n\t>\n        \n<iframe  title=\"Google Map Gradara\" class=\"js--lazy-load\" data-src=\"https:\/\/www.google.com\/maps\/embed?pb=!1m18!1m12!1m3!1d5745.620942960424!2d12.770163133323774!3d43.94259594168634!2m3!1f0!2f0!3f0!3m2!1i1024!2i768!4f13.1!3m3!1m2!1s0x132ce1b23aecffa5%3A0xd2f2765a5949370d!2sCastello%20di%20Gradara!5e0!3m2!1sit!2sit!4v1613045197579!5m2!1sit!2sit\" width=\"100%\" height=\"100%\" frameborder=\"0\" style=\"border:0;min-height:300px;\" allowfullscreen=\"\" aria-hidden=\"false\" tabindex=\"0\"><\/iframe>\n    <\/div>\n<\/div>\n<\/section>\n\n<section class=\"wao-blocks-container container-fluid mb-2\"\n\t\t>\n    \n<div class=\"wao-blocks-row row\" >\n    \n\n<div class=\"col-12 col-md-12 p-4\"\n     \n\t \n\t>\n        \n\n<p class=\"has-text-align-center pb-4 h4\">Tipologia di escursione<\/p>\n\n\n<div class=\"mx-auto \" style=\"max-width:800px;\">\n<div class=\"d-md-flex align-items-center justify-content-center\">\n<div class=\"ico-4\"><\/div>\n<div class=\"ico-6\"><\/div>\n<div class=\"ico-7\"><\/div>\n<div class=\"ico-5\"><\/div>\n<div class=\"ico-3\"><\/div>\n<div class=\"ico-1\"><\/div>\n<\/div>\n<\/div>\n    <\/div>\n<\/div>\n<\/section>\n\n<section class=\"wao-blocks-container container-fluid mb-2\"\n\t\t>\n    \n<div class=\"wao-blocks-row row\" >\n    \n\n<div class=\"col-12 col-md-3 col-lg-4 px-5 py-4 d-none d-md-flex align-items-center\"\n     \n\t \n\t>\n        \n\n<hr class=\"wp-block-separator has-css-opacity g--b-c-02 w-100\"\/>\n\n    <\/div>\n\n\n<div class=\"col-12 col-md-6 col-lg-4\"\n     \n\t \n\t>\n        \n<div class=\"mx-auto max-w-800px\" >\n\n\n<p class=\"has-text-align-center py-4 h2\">Se vuoi maggiori informazioni, siamo a tua disposizione.<\/p>\n\n\n<\/div>\n    <\/div>\n\n\n<div class=\"col-12 col-md-3 col-lg-4 px-5 py-4 d-none d-md-flex align-items-center\"\n     \n\t \n\t>\n        \n\n<hr class=\"wp-block-separator has-css-opacity g--b-c-02 w-100\"\/>\n\n    <\/div>\n<\/div>\n<\/section>\n\n<section class=\"wao-blocks-container container-fluid mb-0\"\n\t\t>\n    \n<div class=\"wao-blocks-row row\" >\n    \n\n<div class=\"col-12 col-md-12 padding-2rem\"\n     \n\t \n\t>\n        \n<div class=\"g--bkg-light-01 p-2rem\" >\n\n\n<p class=\"has-text-align-center h1 pb-4\">Contattaci<\/p>\n\n\n<div class=\"mx-auto g--bkg-light-04 p-2 max-w-1024px\">\n\n\n<div class=\"merida_root\" id=\"merida_block\"><\/div>\n\n<script>\nvar merida_config_merida_block = {\n    customerId: 1242 ,\n    showSuccessModal : true,\n    rootEl: \"merida_block\",\n    childrenAgeMax: 16,\n    childrenAgeMin: 0,\n    layout: \"compact\",\n    language: \"fr\",\n                theme : {\n        colors: {\n            primary: '#01a89e',\n            primaryTextAlt: '#ffffff',\n            secondary: '#70615a',\n            secondaryTextAlt: '#ffffff',\n            text: '#3e464c',\n            error: '#cc0033',\n            formBackground: '#ffffff',\n            label: '#4d4d4d',\n            labelInput: '#70615a',\n            labelInputActive: '#7ebd6d',\n            inputBackground: '#eeeeee',\n            inputBorder: '#eeeeee',\n            checkboxBorder: '#eeeeee',\n        }\n    },\n    onSuccess : function(res) {\n        \n                        if (typeof(ga) !== 'undefined') {\n                   ga('send', 'event', 'Email', 'Invio', 'Form');\n                }\n                    }\n};\n\n(function(url, cb) {\n    var s = document.createElement(\"script\");\n    s.type = \"text\/javascript\";\n\n    if (s.readyState) { \/\/IE\n        s.onreadystatechange = function() {\n            if (s.readyState == \"loaded\" || s.readyState == \"complete\") {\n                s.onreadystatechange = null;\n                cb();\n            }\n        };\n    } else { \/\/Others\n        s.onload = function() {\n            cb();\n        };\n    }\n\n    s.src = url;\n    document.getElementsByTagName(\"head\")[0].appendChild(s);\n})(\"https:\/\/static.adriasonline.it\/merida\/latest\/merida.js\", function() {\n    window.aoForm = merida(merida_config_merida_block);\n});\n<\/script>\n\n<\/div><\/div>\n    <\/div>\n<\/div>\n<\/section>","protected":false},"excerpt":{"rendered":"","protected":false},"author":1,"featured_media":0,"parent":1790,"menu_order":0,"comment_status":"closed","ping_status":"closed","template":"","meta":{"footnotes":""},"class_list":["post-1519","page","type-page","status-publish","hentry"],"_links":{"self":[{"href":"https:\/\/www.continentalhotel.info\/fr\/wp-json\/wp\/v2\/pages\/1519","targetHints":{"allow":["GET"]}}],"collection":[{"href":"https:\/\/www.continentalhotel.info\/fr\/wp-json\/wp\/v2\/pages"}],"about":[{"href":"https:\/\/www.continentalhotel.info\/fr\/wp-json\/wp\/v2\/types\/page"}],"author":[{"embeddable":true,"href":"https:\/\/www.continentalhotel.info\/fr\/wp-json\/wp\/v2\/users\/1"}],"replies":[{"embeddable":true,"href":"https:\/\/www.continentalhotel.info\/fr\/wp-json\/wp\/v2\/comments?post=1519"}],"version-history":[{"count":16,"href":"https:\/\/www.continentalhotel.info\/fr\/wp-json\/wp\/v2\/pages\/1519\/revisions"}],"predecessor-version":[{"id":3806,"href":"https:\/\/www.continentalhotel.info\/fr\/wp-json\/wp\/v2\/pages\/1519\/revisions\/3806"}],"up":[{"embeddable":true,"href":"https:\/\/www.continentalhotel.info\/fr\/wp-json\/wp\/v2\/pages\/1790"}],"wp:attachment":[{"href":"https:\/\/www.continentalhotel.info\/fr\/wp-json\/wp\/v2\/media?parent=1519"}],"curies":[{"name":"wp","href":"https:\/\/api.w.org\/{rel}","templated":true}]}}