{"id":1617,"date":"2020-12-30T11:54:25","date_gmt":"2020-12-30T10:54:25","guid":{"rendered":"https:\/\/www.continentalhotel.info\/?page_id=1617"},"modified":"2025-01-16T11:06:06","modified_gmt":"2025-01-16T10:06:06","slug":"faq","status":"publish","type":"page","link":"https:\/\/www.continentalhotel.info\/en\/faq\/","title":{"rendered":"FAQ"},"content":{"rendered":"<section class=\"wao-blocks-container container mb-5\"\n\t\t>\n    \n<div class=\"wao-blocks-row row\" >\n    \n\n<div class=\"col-12 col-md-12 p-4 text-primary\"\n     \n\t \n\t>\n        \n\n<div class=\"breadcrumb-block\"\n    >\n    <div class=\"text-secondary mx-auto text-center small\">\n        <a href=\"https:\/\/www.continentalhotel.info\/en\" rel=\"nofollow\" title=\"Home\">Home &gt;<\/a>\n        FAQ    <\/div>\n<\/div>\n    <\/div>\n<\/div>\n\n<div class=\"wao-blocks-row row\" >\n    \n\n<div class=\"col-12 col-md-12 p-4 sf-pattern\"\n     \n\t \n\t>\n        \n\n<h1 class=\"wp-block-heading has-text-align-center\">FAQ<\/h1>\n\n\n\n<hr class=\"wp-block-separator has-css-opacity hr-01\"\/>\n\n\n\n<p class=\"has-text-align-center pb-4\">Domande e dubbi dell'ultimo minuto prima di prenotare o prima della partenza?<br>Qui trovi le domande pi\u00f9 frequenti e forse proprio la risposta a quello che serve a te!<\/p>\n\n\n\n<h4 class=\"wp-block-heading\">1) La tassa di soggiorno \u00e8 compresa?<\/h4>\n\n\n\n<p>Tutti i preventivi non comprendono la tassa di soggiorno, che ammonta a \u20ac 2,00 al giorno a persona maggiore di 14 anni, applicata fino ad un massimo di 7 pernottamenti consecutivi (salvo modifiche comunali).<\/p>\n\n\n\n<h4 class=\"wp-block-heading mt-4\">2) Come posso confermare la prenotazione? <\/h4>\n\n\n\n<p>La prenotazione \u00e8 soggetta a una nuova verifica della disponibilit\u00e0 della camera. Se la camera \u00e8 ancora disponibile per confermare, sar\u00e0 richiesta una caparra.<\/p>\n\n\n\n<h4 class=\"wp-block-heading mt-4\">3) Quali sono le condizioni dell'hotel in caso di cancellazione?<\/h4>\n\n\n\n<ul class=\"wp-block-list\">\n<li>fino ad 1 mese prima dell'arrivo la caparra verr\u00e0 restituita.<\/li>\n\n\n\n<li>da 1 mese a 10 giorni prima dell'arrivo la caparra verr\u00e0 riutilizzata per un altro soggiorno a scelta e secondo la nostra disponibilit\u00e0 anche per l'anno prossimo.<\/li>\n\n\n\n<li>Dopo tale data la caparra verr\u00e0 persa.<\/li>\n<\/ul>\n\n\n\n<p>Disponiamo di un assicurazione che restituisce la caparra fino al giorno prima dell'arrivo in caso di malattia (con certificato medico), che ha un costo del 5% sul totale del soggiorno prenotato. Se ti interessa, \u00e8 sufficiente che ce lo comunichi e ti invieremo la documentazione da firmare in fase di prenotazione.<\/p>\n\n\n\n<h4 class=\"wp-block-heading mt-4\">4) A che ora si possono fare check-in e check-out?<\/h4>\n\n\n\n<p>Le camere verranno consegnate entro le ore 13.30 del giorno di arrivo ed \u00e8 incluso il pranzo (12.15-13.30). Andranno liberate entro le ore 10.00 del giorno di partenza. Gli appartamenti verranno consegnati entro le ore 15.00 del giorno di arrivo e andranno liberati entro le ore 9.00 del giorno di partenza.<\/p>\n\n\n\n<h4 class=\"wp-block-heading mt-4\">5) Sono accettati gli animali?<\/h4>\n\n\n\n<p>Gli amici a quattro zampe di <strong>piccola taglia<\/strong> sono i benvenuti nel nostro Residence. L\u2019hotel non li accetta. Unica regola da rispettare, non possono entrare nelle aree comuni: in sala da pranzo, in piscina, in giardino e nella hall dell\u2019hotel.<\/p>\n\n\n\n<p>I cani sono i benvenuti anche nella nostra spiaggia convenzionata ma \u00e8 previsto un supplemento. Per una migliore organizzazione chiediamo di comunicare in anticipo qualora vogliate portarlo con voi anche sotto l'ombrellone.<\/p>\n\n\n\n<h4 class=\"wp-block-heading mt-4\">6) Dove posso lasciare la mia auto?<\/h4>\n\n\n\n<p>Il garage si trova in hotel, inoltre \u00e8 disponibile anche un parcheggio. L\u2019hotel si trova in zona ZTL, attiva dalle 20 alle 6; in caso di passaggio con l'auto in questa fascia oraria, bisogna informare la reception per autorizzare il veicolo al passaggio con l'utilizzo di un pass cartaceo, cos\u00ec da non incorrere in multe.<\/p>\n\n\n\n<h4 class=\"wp-block-heading mt-4\">7) Posso entrare e uscire dall'Hotel quando voglio?<\/h4>\n\n\n\n<p>Il Continental \u00e8 aperto 24 ore su 24 con guardiano notturno.<\/p>\n\n\n\n<p><\/p>\n\n    <\/div>\n<\/div>\n<\/section>\n\n<section class=\"wao-blocks-container container-fluid mb-0\"\n\t\t>\n    \n<div class=\"wao-blocks-row row\" >\n    \n\n<div class=\"col-12 col-md-12 padding-2rem\"\n     \n\t \n\t>\n        \n<div class=\"g--bkg-light-01 p-2rem\" >\n\n\n<p class=\"has-text-align-center h1 pb-4\">Contattaci<\/p>\n\n\n<div class=\"mx-auto g--bkg-light-04 p-2 max-w-1024px\">\n\n\n<div class=\"merida_root\" id=\"merida_block\"><\/div>\n\n<script>\nvar merida_config_merida_block = {\n    customerId: 1242 ,\n    showSuccessModal : true,\n    rootEl: \"merida_block\",\n    childrenAgeMax: 16,\n    childrenAgeMin: 0,\n    layout: \"compact\",\n    language: \"en\",\n                theme : {\n        colors: {\n            primary: '#01a89e',\n            primaryTextAlt: '#ffffff',\n            secondary: '#70615a',\n            secondaryTextAlt: '#ffffff',\n            text: '#3e464c',\n            error: '#cc0033',\n            formBackground: '#ffffff',\n            label: '#4d4d4d',\n            labelInput: '#70615a',\n            labelInputActive: '#7ebd6d',\n            inputBackground: '#eeeeee',\n            inputBorder: '#eeeeee',\n            checkboxBorder: '#eeeeee',\n        }\n    },\n    onSuccess : function(res) {\n        \n                        if (typeof(ga) !== 'undefined') {\n                   ga('send', 'event', 'Email', 'Invio', 'Form');\n                }\n                    }\n};\n\n(function(url, cb) {\n    var s = document.createElement(\"script\");\n    s.type = \"text\/javascript\";\n\n    if (s.readyState) { \/\/IE\n        s.onreadystatechange = function() {\n            if (s.readyState == \"loaded\" || s.readyState == \"complete\") {\n                s.onreadystatechange = null;\n                cb();\n            }\n        };\n    } else { \/\/Others\n        s.onload = function() {\n            cb();\n        };\n    }\n\n    s.src = url;\n    document.getElementsByTagName(\"head\")[0].appendChild(s);\n})(\"https:\/\/static.adriasonline.it\/merida\/latest\/merida.js\", function() {\n    window.aoForm = merida(merida_config_merida_block);\n});\n<\/script>\n\n<\/div><\/div>\n    <\/div>\n<\/div>\n<\/section>","protected":false},"excerpt":{"rendered":"","protected":false},"author":1,"featured_media":0,"parent":0,"menu_order":0,"comment_status":"closed","ping_status":"closed","template":"","meta":{"footnotes":""},"class_list":["post-1617","page","type-page","status-publish","hentry"],"_links":{"self":[{"href":"https:\/\/www.continentalhotel.info\/en\/wp-json\/wp\/v2\/pages\/1617","targetHints":{"allow":["GET"]}}],"collection":[{"href":"https:\/\/www.continentalhotel.info\/en\/wp-json\/wp\/v2\/pages"}],"about":[{"href":"https:\/\/www.continentalhotel.info\/en\/wp-json\/wp\/v2\/types\/page"}],"author":[{"embeddable":true,"href":"https:\/\/www.continentalhotel.info\/en\/wp-json\/wp\/v2\/users\/1"}],"replies":[{"embeddable":true,"href":"https:\/\/www.continentalhotel.info\/en\/wp-json\/wp\/v2\/comments?post=1617"}],"version-history":[{"count":23,"href":"https:\/\/www.continentalhotel.info\/en\/wp-json\/wp\/v2\/pages\/1617\/revisions"}],"predecessor-version":[{"id":5051,"href":"https:\/\/www.continentalhotel.info\/en\/wp-json\/wp\/v2\/pages\/1617\/revisions\/5051"}],"wp:attachment":[{"href":"https:\/\/www.continentalhotel.info\/en\/wp-json\/wp\/v2\/media?parent=1617"}],"curies":[{"name":"wp","href":"https:\/\/api.w.org\/{rel}","templated":true}]}}