{"id":926,"date":"2020-12-28T13:53:00","date_gmt":"2020-12-28T12:53:00","guid":{"rendered":"https:\/\/www.continentalhotel.info\/?page_id=926"},"modified":"2024-12-13T17:09:31","modified_gmt":"2024-12-13T16:09:31","slug":"listino","status":"publish","type":"page","link":"https:\/\/www.continentalhotel.info\/de\/listino\/","title":{"rendered":"Hotel-Behandlungen"},"content":{"rendered":"\n<section class=\"container-fluid js--lazy-load wao-blocks-gallery-slider-flickity gallery-flickity-31102\" >\n    <article class=\"row\">\n        <div class=\"col-sm-12 p-0 position-relative\">\n            <section class=\"container-fluid js--lazy-load\">\n                <article class=\"row\">\n                    <div class=\"col-sm-12 p-0 position-relative\">\n                        <div class=\"js--flickity l--vh-50-md\" data-cellAlign=\"left\" data-bgLazyLoad=\"1\" data-freeScroll=\"true\" data-wrapAround=\"true\" data-autoPlay=\"2000\" data-pauseAutoPlayOnHover =\"true\" data-prevNextButtons=\"false\" data-contain=\"true\" data-pageDots=\"false\" data-draggable=\"true\" data-groupCells=\"110%\" data-fade=\"true\">\n                                                            <div>\n                                    <div style=\"background: url('https:\/\/www.continentalhotel.info\/wp-content\/uploads\/2020\/12\/top-contatti.jpg') center center \/ cover no-repeat rgb(250, 250, 250); display: block; width: 100vw;\" class=\"l--vh-50-md \"><\/div>\n                                <\/div>\n                            \n                        <\/div>\n                        <div class=\"position-absolute l--top l--bottom mx-auto l--align-middle-vertical\">\n                            <div class=\"text-over-slider h1 text-quaternary text-center animated zoomIn\" data-anim=\"zoomIn\" data-cof=\"true\" data-cof-rule=\"font-size, 2rem, 2.5rem, 2.5rem, 3rem, 3rem\">\n                                                            <\/div>\n                                                    <\/div>\n                    <\/div>\n                <\/article>\n            <\/section>\n        <\/div>\n    <\/article>\n<\/section>\n\n<section class=\"wao-blocks-container container mb-2\"\n\t\t>\n    \n<div class=\"wao-blocks-row row\" >\n    \n\n<div class=\"col-12 col-md-12 p-4 text-primary\"\n     \n\t \n\t>\n        \n\n<div class=\"breadcrumb-block\"\n    >\n    <div class=\"text-secondary mx-auto text-center small\">\n        <a href=\"https:\/\/www.continentalhotel.info\/de\" rel=\"nofollow\" title=\"Home\">Home &gt;<\/a>\n        Trattamenti Hotel    <\/div>\n<\/div>\n    <\/div>\n<\/div>\n\n<div class=\"wao-blocks-row row\" >\n    \n\n<div class=\"col-12 col-md-12 p-4\"\n     \n\t \n\t>\n        \n\n<h1 class=\"wp-block-heading has-text-align-center\">Trattamenti Hotel<\/h1>\n\n\n\n<hr class=\"wp-block-separator has-css-opacity hr-01\"\/>\n\n\n\n<p class=\"has-text-align-center\">Approfitta della nostra formula All Inclusive per una vacanza con tanti servizi compresi. Scegli quella pi\u00f9 adatta a te e poi contattaci per una proposta.<br><strong>I prezzi dell'hotel sono dinamici<\/strong> e possono variare in base al periodo richiesto e alla disponibilit\u00e0 delle camere. <strong>Prenotando prima trovi le tariffe migliori!<\/strong><\/p>\n\n    <\/div>\n<\/div>\n\n<div class=\"wao-blocks-row row\" >\n    \n\n<div class=\"col-12 col-md-12\"\n     \n\t \n\t>\n        \n<div class=\"mx-auto  \" style=\"max-width:1280px;\">\n\n\n<div class=\"wao-blocks-nav-tab d-none\">\n    <ul class=\"nav nav-tabs nav-tabs-icon d-flex justify-content-end\" role=\"tablist\">\n                <li class=\"nav-item\">\n            <a class=\"nav-link text-primary active\" data-toggle=\"tab\"\n                href=\"#Per-data\"\n                id=\"Per-data-tab\" role=\"tab\"\n                aria-controls=\"Per-data\"\n                aria-selected=\"true\" title=\"Per data\">\n                <i class=\"fas fa-mobile-alt\"><\/i>            <\/a>\n\n        <\/li>\n                <li class=\"nav-item\">\n            <a class=\"nav-link text-primary \" data-toggle=\"tab\"\n                href=\"#Per-trattamento\"\n                id=\"Per-trattamento-tab\" role=\"tab\"\n                aria-controls=\"Per-trattamento\"\n                aria-selected=\"true\" title=\"Per trattamento\">\n                <i class=\"fas fa-list-ul\"><\/i>            <\/a>\n\n        <\/li>\n            <\/ul>\n    <div class=\"tab-content\">\n                <div class=\"tab-pane fade active show\"\n            id=\"Per-data\" role=\"tabpanel\"\n            aria-labelledby=\"Per-data-tab\">\n            \n    \n<div class=\"aolistino_root d-none \" id=\"listino_block\"><\/div>\n<script>\nvar config_listino_block = {\n    rootEl: `listino_block`,\n    idHotel: 1242,\n    lingua : \"it\",\n    filtroListini: \"664\",\n    orderByTrattamento: \"ASC\",\n    showNotes: \"1\",\n    idTrattamentoSelezionato: \"\", \n    theme: {\n        colors: {\n            primary: `#70615a`,\n            secondary: `#ffffff`,\n            borderBox: `#70615a`,\n        }\n    },\n    btnlink: `<a href=\"javascript:void(0)\" onclick=\"goToByScroll('#merida_block')\" class=\"mx-2 btn btn-secondary text-uppercase\">Contattaci<\/a>`\n};\n\n(function(url, cb) {\n    var s = document.createElement(\"script\");\n    s.type = \"text\/javascript\";\n\n    if (s.readyState) { \/\/IE\n        s.onreadystatechange = function() {\n            if (s.readyState == \"loaded\" || s.readyState == \"complete\") {\n                s.onreadystatechange = null;\n                cb();\n            }\n        };\n    } else { \/\/Others\n        s.onload = function() {\n            cb();\n        };\n    }\n\n    s.src = url;\n    document.getElementsByTagName(\"head\")[0].appendChild(s);\n})(\"https:\/\/static.adriasonline.it\/AoListino\/latest\/aolistino.js\", function() {\n    aolistino(config_listino_block );\n});\n<\/script>\n\n\n<p><strong>Il trattamento Confort comprende:<\/strong><\/p>\n\n\n\n<ul class=\"wp-block-list\">\n<li>Pensione completa<\/li>\n\n\n\n<li>Acqua e vino locale ai pasti<\/li>\n\n\n\n<li>Aria condizionata<\/li>\n\n\n\n<li>Wi-Fi<\/li>\n\n\n\n<li>Minifrigo<\/li>\n\n\n\n<li>Parcheggio<\/li>\n\n\n\n<li>1 ombrellone e 2 lettini presso la spiaggia Telodir\u00f2 Beach<\/li>\n\n\n\n<li>Teli mare<\/li>\n<\/ul>\n\n\n\n<p><strong>Il trattamento Gold comprende:<\/strong><\/p>\n\n\n\n<ul class=\"wp-block-list\">\n<li>Pensione completa<\/li>\n\n\n\n<li>Acqua e vino locale ai pasti<\/li>\n\n\n\n<li>Aria condizionata<\/li>\n\n\n\n<li>Wi-Fi<\/li>\n\n\n\n<li>Minifrigo<\/li>\n\n\n\n<li>Bibite ai pasti (birra esclusa)<\/li>\n\n\n\n<li>1 ombrellone e 2 lettini in terza, quarta fila e quinta fila presso la spiaggia Telodir\u00f2 Beach<\/li>\n\n\n\n<li>Teli mare<\/li>\n\n\n\n<li>Garage<\/li>\n<\/ul>\n\n\n\n<p><strong>Il trattamento VIP comprende:<\/strong><\/p>\n\n\n\n<ul class=\"wp-block-list\">\n<li>Pensione completa<\/li>\n\n\n\n<li>Acqua e vino locale ai pasti<\/li>\n\n\n\n<li>Aria condizionata<\/li>\n\n\n\n<li>Wi-Fi<\/li>\n\n\n\n<li>Minifrigo<\/li>\n\n\n\n<li>Bibite ai pasti (birra esclusa)<\/li>\n\n\n\n<li>1 ombrellone e 2 lettini in prima e seconda fila presso la spiaggia Telodir\u00f2 Beach<\/li>\n\n\n\n<li>Teli mare<\/li>\n\n\n\n<li>Garage<\/li>\n\n\n\n<li>Gita in barca con visita alla Spiaggia di Baia Vallugola (per soggiorni di almeno 7 giorni)<\/li>\n<\/ul>\n\n<\/div>\n\n\n\n                    <div class=\"tab-pane fade\"\n            id=\"Per-trattamento\" role=\"tabpanel\"\n            aria-labelledby=\"Per-trattamento-tab\">\n            \n    <\/div>\n\n                    <\/div>\n    <\/div>\n\n\n\n<style>\n\t.nav-link{\n\t\tborder-radius: 0px 15px 0px 0px !important;\t}\n\t.nav-tabs .nav-item.show .nav-link, .nav-tabs .nav-link.active{\n\t\tborder-radius: 0px 15px 0px 0px !important;\t}\n<\/style>\n\t<div class=\"wao-blocks-listino-v1\" data-cof=\"true\" data-cof-rule=\"\">\n\t\t<div class=\"g--bkg-light-04\" data-vertical-space=\"10\" style=\"z-index: 999;\">\n\t\t\t\t\t\t\t<ul class=\"nav nav-tabs d-flex justify-content-start\" id=\"myTab\" role=\"tablist\">\n\t\t\t\t\t\t\t\t\t\t\t<li class=\"nav-item \">\n\t\t\t\t\t\t\t\t<a class=\"nav-link active btn btn-tertiary m-2\" id=\"Confort-tab\" data-toggle=\"tab\" href=\"#Confort\" role=\"tab\" aria-controls=\"Confort\" aria-selected=\"true\" title=\"Confort\">\n\t\t\t\t\t\t\t\t\tConfort\t\t\t\t\t\t\t\t<\/a>\n\t\t\t\t\t\t\t<\/li>\n\t\t\t\t\t\t\t\t\t\t\t\t\t\t<li class=\"nav-item \">\n\t\t\t\t\t\t\t\t<a class=\"nav-link  btn btn-tertiary m-2\" id=\"Gold-tab\" data-toggle=\"tab\" href=\"#Gold\" role=\"tab\" aria-controls=\"Gold\" aria-selected=\"true\" title=\"Gold\">\n\t\t\t\t\t\t\t\t\tGold\t\t\t\t\t\t\t\t<\/a>\n\t\t\t\t\t\t\t<\/li>\n\t\t\t\t\t\t\t\t\t\t\t\t\t\t<li class=\"nav-item \">\n\t\t\t\t\t\t\t\t<a class=\"nav-link  btn btn-tertiary m-2\" id=\"Vip-tab\" data-toggle=\"tab\" href=\"#Vip\" role=\"tab\" aria-controls=\"Vip\" aria-selected=\"true\" title=\"Vip\">\n\t\t\t\t\t\t\t\t\tVip\t\t\t\t\t\t\t\t<\/a>\n\t\t\t\t\t\t\t<\/li>\n\t\t\t\t\t\t\t <\/ul>\n\t\t\t\t\t<\/div> \n\t\t<div class=\"tab-content g--bkg-light-04\">\n\t\t\t\t\t\t\t\t<div class=\"tab-pane fade active show\" id=\"Confort\" role=\"tabpanel\" aria-labelledby=\"Confort-tab\">\n\t\t\t\t\t\t\t\t\t\t\t\t\t\t\t\t<div class=\"p-4 g--bkg-light-04\">\n\t\t\t\t\t\t\t\t\t\t\t\t\t\t\t\t\t\t\t\t\t\t\t\t\t\t\t\t\t\t<div class=\"text-primary mb-1\">\n\t\t\t\t\t\t\t\t\t\t\t\t<p><strong>Die Confort-Behandlung umfasst:<\/strong><\/p><ul><li>Vollpension<\/li><li>Wasser und lokaler Wein zu den Mahlzeiten<\/li><li>Klimatisierung<\/li><li>Wi-Fi<\/li><li>Frigobar<\/li><li>Strandt\u00fccher<\/li><li>Parken<\/li><li>1 Sonnenschirm und 2 Liegest\u00fchle am Strand Telodir\u00f2 Beach<\/li><\/ul><p><strong>Die Leistungen richten sich nach der gew\u00e4hlten Behandlung (Confort, Gold oder VIP) und nicht nach dem Zimmer.<\/strong><\/p><p><br><\/p><p>Auch Halbpension ist m\u00f6glich.<\/p>\t\t\t\t\t\t\t\t\t\t\t<\/div>\n\t\t\t\t\t\t\t\t\t\t\t\n\t\t\t\t\t\t\t\t<\/div>\n\t\t\t\t\t\t\t\t\t\t\t\t\t\t\t<\/div> \t\t\t\t\t<div class=\"tab-pane fade\" id=\"Gold\" role=\"tabpanel\" aria-labelledby=\"Gold-tab\">\n\t\t\t\t\t\t\t\t\t\t\t\t\t\t\t\t<div class=\"p-4 g--bkg-light-04\">\n\t\t\t\t\t\t\t\t\t\t\t\t\t\t\t\t\t\t\t\t\t\t\t\t\t\t\t\t\t\t<div class=\"text-primary mb-1\">\n\t\t\t\t\t\t\t\t\t\t\t\t<p><strong>Die Gold-Behandlung umfasst:<\/strong><\/p><ul><li>Vollpension<\/li><li>Wasser und lokaler Wein zu den Mahlzeiten<\/li><li>Klimatisierung<\/li><li>Wi-Fi<\/li><li>Frigobar<\/li><li>Strandt\u00fccher<\/li><li><strong>Getr\u00e4nke zu den Mahlzeiten<\/strong> (ohne Bier)<\/li><li><strong>Garage<\/strong><\/li><li><strong>1 Sonnenschirm und 2 Liegest\u00fchle in der dritten, vierten oder f\u00fcnften Reihe am Strand Telodir\u00f2 Beach<\/strong><\/li><\/ul><p><strong>Die Leistungen richten sich nach der gew\u00e4hlten Behandlung (Confort, Gold oder VIP) und nicht nach dem Zimmer.<\/strong><\/p><p><br><\/p><p>Auch Halbpension ist m\u00f6glich.<\/p>\t\t\t\t\t\t\t\t\t\t\t<\/div>\n\t\t\t\t\t\t\t\t\t\t\t\n\t\t\t\t\t\t\t\t<\/div>\n\t\t\t\t\t\t\t\t\t\t\t\t\t\t\t<\/div> \t\t\t\t\t<div class=\"tab-pane fade\" id=\"Vip\" role=\"tabpanel\" aria-labelledby=\"Vip-tab\">\n\t\t\t\t\t\t\t\t\t\t\t\t\t\t\t\t<div class=\"p-4 g--bkg-light-04\">\n\t\t\t\t\t\t\t\t\t\t\t\t\t\t\t\t\t\t\t\t\t\t\t\t\t\t\t\t\t\t<div class=\"text-primary mb-1\">\n\t\t\t\t\t\t\t\t\t\t\t\t<p><strong>Die VIP-Behandlung beinhaltet:<\/strong><\/p><ul><li>Vollpension<\/li><li>Wasser und lokaler Wein zu den Mahlzeiten<\/li><li>Klimatisierung<\/li><li>Wi-Fi<\/li><li>Frigobar<\/li><li>Strandt\u00fccher<\/li><li>Getr\u00e4nke zu den Mahlzeiten, einschlie\u00dflich Bier<\/li><li>Garage<\/li><li><strong>1 Sonnenschirm und 2 Liegest\u00fchle in der 1. oder 2.<\/strong><\/li><li><strong>Bootsfahrt mit Besuch des Strandes Baia Vallugola (bei einem Aufenthalt von mindestens 7 Tagen)<\/strong><\/li><\/ul><p><strong>Die Leistungen richten sich nach der gew\u00e4hlten Behandlung (Confort, Gold oder VIP) und nicht nach dem Zimmer.<\/strong><\/p><p><br><\/p><p>Auch Halbpension ist m\u00f6glich.<\/p>\t\t\t\t\t\t\t\t\t\t\t<\/div>\n\t\t\t\t\t\t\t\t\t\t\t\n\t\t\t\t\t\t\t\t<\/div>\n\t\t\t\t\t\t\t\t\t\t\t\t\t\t\t<\/div> \t\t<\/div>\n\t<\/div>\n\n<div id=\"accordion\" class=\"my-5\">\n    <div class=\"card border-right-0 border-left-0 border-top-0 my-2\">\n        <div class=\"card-header g--bkg-light-04\" id=\"heading3_0\">\n            <h5 class=\"mb-0\">\n                <button class=\"btn btn-link h5\" data-toggle=\"collapse\" data-target=\"#collapse3_0\" aria-expanded=\"true\" aria-controls=\"collapse3_0\">\n                    &gt; I trattamenti comprendono\n                <\/button>\n            <\/h5>\n        <\/div>\n        <div id=\"collapse3_0\" class=\"collapse\" aria-labelledby=\"heading3_0\" data-parent=\"#accordion\" style=\"\">\n            <div class=\"card-body\">\n                <p>I nostri trattamenti comprendono soggiorno in camera con arredi e servizi completamente rinnovati, balcone, aria condizionata, TV LED 32\", telefono diretto, cassaforte, minibar, WI-FI, colazione a buffet, pranzo e cena con buffet servito, buffet antipasti, verdure, dolci, frutta e formaggi. Men\u00f9 bimbi per i pi\u00f9 piccoli.<\/p>\n\n                <p>L'Hotel completa i suoi servizi con il <strong>Parcheggio gratuito<\/strong>, garage, uso delle piscine e della vasca idromassaggio riscaldata, delle cabine riservate sulla spiaggia, teli mare, biciclette a disposizione dei clienti e animazione serale.<\/p>\n                \n            <\/div>\n        <\/div>\n    <\/div>\n    <div class=\"card border-right-0 border-left-0 border-top-0 my-2\">\n        <div class=\"card-header g--bkg-light-04\" id=\"heading3_2\">\n            <h5 class=\"mb-0\">\n                <button class=\"btn btn-link h5\" data-toggle=\"collapse\" data-target=\"#collapse3_2\" aria-expanded=\"true\" aria-controls=\"collapse3_2\">\n                    &gt; Riduzioni\n                <\/button>\n            <\/h5>\n        <\/div>\n        <div id=\"collapse3_2\" class=\"collapse\" aria-labelledby=\"heading3_2\" data-parent=\"#accordion\" style=\"\">\n            <div class=\"card-body\">\n                <p>Riduzioni bambini in camera con due adulti:<\/p>\n                <ul>\n                    <li>Prezzi speciali fino a 2 anni non compiuti <\/li>\n                    <li>Sconto 50% da 2 fino a 5 anni compiuti <\/li>\n                    <li>Sconto 30% da 6 fino a 12 anni compiuti <\/li>\n                    <li>Sconto 10% terza persona in camera a 3 letti.<\/li>\n                <\/ul>\n                <p><strong>NB:<\/strong> I pasti non consumati in Hotel non verranno detratti dal conto.<\/p>\n            <\/div>\n        <\/div>\n    <\/div>\n    <div class=\"card border-right-0 border-left-0 border-top-0 my-2\">\n        <div class=\"card-header g--bkg-light-04\" id=\"heading3_3\">\n            <h5 class=\"mb-0\">\n                <button class=\"btn btn-link h5\" data-toggle=\"collapse\" data-target=\"#collapse3_3\" aria-expanded=\"true\" aria-controls=\"collapse3_3\">\n                    &gt; Supplementi\n                <\/button>\n            <\/h5>\n        <\/div>\n        <div id=\"collapse3_3\" class=\"collapse\" aria-labelledby=\"heading3_3\" data-parent=\"#accordion\" style=\"\">\n            <div class=\"card-body\">\n                <ul>\n            <li>Camera singola SERVICE CLASSIC 10,00 \u20ac<\/li>\n            <li>Camera singola SERVICE CONFORT 13,00 \u20ac<\/li>\n            <li>Camera singola SERVICE GOLD 18,00 \u20ac<\/li>\n            <li>Camera singola SERVICE VIP 22,00 \u20ac<\/li>\n            <li>Camera Peter Pan 15,00 \u20ac<\/li>\n            <li>Camera Superior 25,00 \u20ac<\/li>\n            <li>Suite da 40,00 a 100,00 \u20ac<\/li>\n            <li>Executive-Suite da 60,00 a 120,00 \u20ac<\/li>\n                <\/ul>\n            <\/div>\n        <\/div>\n    <\/div>\n    <div class=\"card border-right-0 border-left-0 border-top-0 my-2\">\n        <div class=\"card-header g--bkg-light-04\" id=\"heading3_4\">\n            <h5 class=\"mb-0\">\n                <button class=\"btn btn-link h5\" data-toggle=\"collapse\" data-target=\"#collapse3_4\" aria-expanded=\"true\" aria-controls=\"collapse3_4\">\n                    &gt; Speciale Famiglie\n                <\/button>\n            <\/h5>\n        <\/div>\n        <div id=\"collapse3_4\" class=\"collapse\" aria-labelledby=\"heading3_4\" data-parent=\"#accordion\" style=\"\">\n            <div class=\"card-body\">\n                <p>Piano famiglia 2 adulti + 2 bambini, pagano solo 3 quote intere  <\/p>\n            <\/div>\n        <\/div>\n    <\/div>\n    <div class=\"card border-right-0 border-left-0 border-top-0 my-2\">\n        <div class=\"card-header g--bkg-light-04\" id=\"heading3_5\">\n            <h5 class=\"mb-0\">\n                <button class=\"btn btn-link h5\" data-toggle=\"collapse\" data-target=\"#collapse3_5\" aria-expanded=\"true\" aria-controls=\"collapse3_5\">\n                    &gt;  Conferma della prenotazione\n                <\/button>\n            <\/h5>\n        <\/div>\n        <div id=\"collapse3_5\" class=\"collapse\" aria-labelledby=\"heading3_5\" data-parent=\"#accordion\" style=\"\">\n            <div class=\"card-body\">\n                <p>Al momento della prenotazione, per confermare il tuo soggiorno, verr\u00e0 richiesta una caparra. <\/p>\n                <ul>\n                <li>Fino ad 1 mese prima dell'arrivo la caparra verr\u00e0 restituita.<\/li>\n                <li>Da 1 mese a 10 giorni prima dell'arrivo la caparra verr\u00e0 riutilizzata per un altro soggiorno a scelta e secondo la nostra disponibilit\u00e0 anche per l'anno prossimo.<\/li>\n                <li>Dopo tale data la caparra verr\u00e0 persa.<\/li>\n                <\/ul>\n            <\/div>\n        <\/div>\n    <\/div>\n<\/div>\n\n<\/div>\n    <\/div>\n<\/div>\n<\/section>\n\n<section class=\"wao-blocks-container container-fluid mb-0\"\n\t\t>\n    \n<div class=\"wao-blocks-row row\" >\n    \n\n<div class=\"col-12 col-md-12 padding-2rem\"\n     \n\t \n\t>\n        \n<div class=\"g--bkg-light-01 p-2rem\" >\n\n\n<p class=\"has-text-align-center h1 pb-4\">Contattaci<\/p>\n\n\n<div class=\"mx-auto g--bkg-light-04 p-2 max-w-1024px\">\n\n\n<div class=\"merida_root\" id=\"merida_block\"><\/div>\n\n<script>\nvar merida_config_merida_block = {\n    customerId: 1242 ,\n    showSuccessModal : true,\n    rootEl: \"merida_block\",\n    childrenAgeMax: 16,\n    childrenAgeMin: 0,\n    layout: \"compact\",\n    language: \"de\",\n                theme : {\n        colors: {\n            primary: '#01a89e',\n            primaryTextAlt: '#ffffff',\n            secondary: '#70615a',\n            secondaryTextAlt: '#ffffff',\n            text: '#3e464c',\n            error: '#cc0033',\n            formBackground: '#ffffff',\n            label: '#4d4d4d',\n            labelInput: '#70615a',\n            labelInputActive: '#7ebd6d',\n            inputBackground: '#eeeeee',\n            inputBorder: '#eeeeee',\n            checkboxBorder: '#eeeeee',\n        }\n    },\n    onSuccess : function(res) {\n        \n                        if (typeof(ga) !== 'undefined') {\n                   ga('send', 'event', 'Email', 'Invio', 'Form');\n                }\n                    }\n};\n\n(function(url, cb) {\n    var s = document.createElement(\"script\");\n    s.type = \"text\/javascript\";\n\n    if (s.readyState) { \/\/IE\n        s.onreadystatechange = function() {\n            if (s.readyState == \"loaded\" || s.readyState == \"complete\") {\n                s.onreadystatechange = null;\n                cb();\n            }\n        };\n    } else { \/\/Others\n        s.onload = function() {\n            cb();\n        };\n    }\n\n    s.src = url;\n    document.getElementsByTagName(\"head\")[0].appendChild(s);\n})(\"https:\/\/static.adriasonline.it\/merida\/latest\/merida.js\", function() {\n    window.aoForm = merida(merida_config_merida_block);\n});\n<\/script>\n\n<\/div><\/div>\n    <\/div>\n<\/div>\n<\/section>","protected":false},"excerpt":{"rendered":"","protected":false},"author":1,"featured_media":0,"parent":0,"menu_order":0,"comment_status":"closed","ping_status":"closed","template":"","meta":{"footnotes":""},"class_list":["post-926","page","type-page","status-publish","hentry"],"_links":{"self":[{"href":"https:\/\/www.continentalhotel.info\/de\/wp-json\/wp\/v2\/pages\/926","targetHints":{"allow":["GET"]}}],"collection":[{"href":"https:\/\/www.continentalhotel.info\/de\/wp-json\/wp\/v2\/pages"}],"about":[{"href":"https:\/\/www.continentalhotel.info\/de\/wp-json\/wp\/v2\/types\/page"}],"author":[{"embeddable":true,"href":"https:\/\/www.continentalhotel.info\/de\/wp-json\/wp\/v2\/users\/1"}],"replies":[{"embeddable":true,"href":"https:\/\/www.continentalhotel.info\/de\/wp-json\/wp\/v2\/comments?post=926"}],"version-history":[{"count":166,"href":"https:\/\/www.continentalhotel.info\/de\/wp-json\/wp\/v2\/pages\/926\/revisions"}],"predecessor-version":[{"id":5124,"href":"https:\/\/www.continentalhotel.info\/de\/wp-json\/wp\/v2\/pages\/926\/revisions\/5124"}],"wp:attachment":[{"href":"https:\/\/www.continentalhotel.info\/de\/wp-json\/wp\/v2\/media?parent=926"}],"curies":[{"name":"wp","href":"https:\/\/api.w.org\/{rel}","templated":true}]}}